{"id":2011,"date":"2024-02-05T17:41:02","date_gmt":"2024-02-05T17:41:02","guid":{"rendered":"https:\/\/www.cuboshomes.com\/blog\/?page_id=2011"},"modified":"2024-12-16T15:35:30","modified_gmt":"2024-12-16T15:35:30","slug":"alquiler-vacacional","status":"publish","type":"page","link":"https:\/\/www.cuboshomes.com\/blog\/alquiler-vacacional\/","title":{"rendered":"Alquiler vacacional"},"content":{"rendered":"\t\t<div data-elementor-type=\"wp-page\" data-elementor-id=\"2011\" class=\"elementor elementor-2011\" data-elementor-post-type=\"page\">\n\t\t\t\t<div class=\"elementor-element elementor-element-810fee7 e-flex e-con-boxed e-con e-parent\" data-id=\"810fee7\" data-element_type=\"container\" data-e-type=\"container\">\n\t\t\t\t\t<div class=\"e-con-inner\">\n\t\t\t\t<div class=\"elementor-element elementor-element-d68c8f1 elementor-widget elementor-widget-heading\" data-id=\"d68c8f1\" data-element_type=\"widget\" data-e-type=\"widget\" data-widget_type=\"heading.default\">\n\t\t\t\t<div class=\"elementor-widget-container\">\n\t\t\t\t\t<h2 class=\"elementor-heading-title elementor-size-default\">\u00a1Bienvenidos al blog de la Costa del Sol!\n\n<\/h2>\t\t\t\t<\/div>\n\t\t\t\t<\/div>\n\t\t\t\t<div class=\"elementor-element elementor-element-0c08def elementor-widget elementor-widget-text-editor\" data-id=\"0c08def\" data-element_type=\"widget\" data-e-type=\"widget\" data-widget_type=\"text-editor.default\">\n\t\t\t\t<div class=\"elementor-widget-container\">\n\t\t\t\t\t\t\t\t\t<p>La Costa del Sol, situada en el sur de Espa\u00f1a, es un destino \u00fanico que combina playas de ensue\u00f1o, pueblos blancos con encanto y una naturaleza espectacular. Desde la vibrante ciudad de M\u00e1laga con su oferta cultural y gastron\u00f3mica, hasta destinos como Marbella, Benalm\u00e1dena o Torremolinos, hay opciones para todos los gustos.<\/p><p>En este blog te invitamos a descubrir las mejores actividades para disfrutar en la regi\u00f3n: relajarte junto a la piscina de una villa privada, recorrer rutas de senderismo por paisajes \u00fanicos o explorar la historia y tradiciones de sus ciudades. \u00a1Vive la aut\u00e9ntica magia de la Costa del Sol!<\/p>\t\t\t\t\t\t\t\t<\/div>\n\t\t\t\t<\/div>\n\t\t\t\t\t<\/div>\n\t\t\t\t<\/div>\n\t\t<div class=\"elementor-element elementor-element-47faf06 e-flex e-con-boxed e-con e-parent\" data-id=\"47faf06\" data-element_type=\"container\" data-e-type=\"container\">\n\t\t\t\t\t<div class=\"e-con-inner\">\n\t\t\t\t\t<\/div>\n\t\t\t\t<\/div>\n\t\t<div class=\"elementor-element elementor-element-998913c e-flex e-con-boxed e-con e-parent\" data-id=\"998913c\" data-element_type=\"container\" data-e-type=\"container\">\n\t\t\t\t\t<div class=\"e-con-inner\">\n\t\t\t\t<div class=\"elementor-element elementor-element-25ff292 elementor-widget elementor-widget-heading\" data-id=\"25ff292\" data-element_type=\"widget\" data-e-type=\"widget\" data-widget_type=\"heading.default\">\n\t\t\t\t<div class=\"elementor-widget-container\">\n\t\t\t\t\t<h2 class=\"elementor-heading-title elementor-size-default\">\u00a1Tu escapada perfecta te espera en la Costa del Sol!<\/h2>\t\t\t\t<\/div>\n\t\t\t\t<\/div>\n\t\t\t\t<div class=\"elementor-element elementor-element-0344637 elementor-widget elementor-widget-text-editor\" data-id=\"0344637\" data-element_type=\"widget\" data-e-type=\"widget\" data-widget_type=\"text-editor.default\">\n\t\t\t\t<div class=\"elementor-widget-container\">\n\t\t\t\t\t\t\t\t\t<p>Elige uno de nuestros alojamientos \u00fanicos y vive unas vacaciones inolvidables. Rel\u00e1jate en una villa con piscina privada, disfruta de la brisa del mar desde un apartamento en la playa o conecta con la naturaleza en una casa rural.<\/p><p>Reserva ahora con CubosHomes y asegura el mejor precio para tu estancia en la Costa del Sol. \u00a1Tu pr\u00f3xima aventura comienza aqu\u00ed!<\/p>\t\t\t\t\t\t\t\t<\/div>\n\t\t\t\t<\/div>\n\t\t\t\t\t<\/div>\n\t\t\t\t<\/div>\n\t\t<div class=\"elementor-element elementor-element-a4c26fd e-flex e-con-boxed e-con e-parent\" data-id=\"a4c26fd\" data-element_type=\"container\" data-e-type=\"container\">\n\t\t\t\t\t<div class=\"e-con-inner\">\n\t\t<div class=\"elementor-element elementor-element-5ee1d76 e-con-full e-flex e-con e-child\" data-id=\"5ee1d76\" data-element_type=\"container\" data-e-type=\"container\">\n\t\t\t\t<div class=\"elementor-element elementor-element-47c8443 elementor-align-justify elementor-widget elementor-widget-button\" data-id=\"47c8443\" data-element_type=\"widget\" data-e-type=\"widget\" data-widget_type=\"button.default\">\n\t\t\t\t<div class=\"elementor-widget-container\">\n\t\t\t\t\t\t\t\t\t<div class=\"elementor-button-wrapper\">\n\t\t\t\t\t<a class=\"elementor-button elementor-button-link elementor-size-sm\" href=\"https:\/\/www.cuboshomes.com\/alquiler\/alquileres-andalucia-r2\/\">\n\t\t\t\t\t\t<span class=\"elementor-button-content-wrapper\">\n\t\t\t\t\t\t\t\t\t<span class=\"elementor-button-text\">Alquiler en Costa del Sol<\/span>\n\t\t\t\t\t<\/span>\n\t\t\t\t\t<\/a>\n\t\t\t\t<\/div>\n\t\t\t\t\t\t\t\t<\/div>\n\t\t\t\t<\/div>\n\t\t\t\t<\/div>\n\t\t<div class=\"elementor-element elementor-element-06c777f e-con-full e-flex e-con e-child\" data-id=\"06c777f\" data-element_type=\"container\" data-e-type=\"container\">\n\t\t\t\t<div class=\"elementor-element elementor-element-0db050d elementor-align-justify elementor-widget elementor-widget-button\" data-id=\"0db050d\" data-element_type=\"widget\" data-e-type=\"widget\" data-widget_type=\"button.default\">\n\t\t\t\t<div class=\"elementor-widget-container\">\n\t\t\t\t\t\t\t\t\t<div class=\"elementor-button-wrapper\">\n\t\t\t\t\t<a class=\"elementor-button elementor-button-link elementor-size-sm\" href=\"https:\/\/www.cuboshomes.com\/alquiler\/apartamentos-andalucia-c1r2\/\">\n\t\t\t\t\t\t<span class=\"elementor-button-content-wrapper\">\n\t\t\t\t\t\t\t\t\t<span class=\"elementor-button-text\">Apartamentos en Costa del Sol<\/span>\n\t\t\t\t\t<\/span>\n\t\t\t\t\t<\/a>\n\t\t\t\t<\/div>\n\t\t\t\t\t\t\t\t<\/div>\n\t\t\t\t<\/div>\n\t\t\t\t<\/div>\n\t\t<div class=\"elementor-element elementor-element-ba46bfc e-con-full e-flex e-con e-child\" data-id=\"ba46bfc\" data-element_type=\"container\" data-e-type=\"container\">\n\t\t\t\t<div class=\"elementor-element elementor-element-c1db6e5 elementor-align-justify elementor-widget elementor-widget-button\" data-id=\"c1db6e5\" data-element_type=\"widget\" data-e-type=\"widget\" data-widget_type=\"button.default\">\n\t\t\t\t<div class=\"elementor-widget-container\">\n\t\t\t\t\t\t\t\t\t<div class=\"elementor-button-wrapper\">\n\t\t\t\t\t<a class=\"elementor-button elementor-button-link elementor-size-sm\" href=\"https:\/\/www.cuboshomes.com\/alquiler\/villas-andalucia-c2r2\/\">\n\t\t\t\t\t\t<span class=\"elementor-button-content-wrapper\">\n\t\t\t\t\t\t\t\t\t<span class=\"elementor-button-text\">Villas en Costa del Sol<\/span>\n\t\t\t\t\t<\/span>\n\t\t\t\t\t<\/a>\n\t\t\t\t<\/div>\n\t\t\t\t\t\t\t\t<\/div>\n\t\t\t\t<\/div>\n\t\t\t\t<\/div>\n\t\t\t\t\t<\/div>\n\t\t\t\t<\/div>\n\t\t\t\t<\/div>\n\t\t","protected":false},"excerpt":{"rendered":"<p>\u00a1Bienvenidos al blog de la Costa del Sol! La Costa del Sol, situada en el sur de Espa\u00f1a, es un destino \u00fanico que combina playas de ensue\u00f1o, pueblos blancos con encanto y una naturaleza espectacular. Desde la vibrante ciudad de M\u00e1laga con su oferta cultural y gastron\u00f3mica, hasta destinos como Marbella, Benalm\u00e1dena o Torremolinos, hay [&hellip;]<\/p>\n","protected":false},"author":4,"featured_media":0,"parent":0,"menu_order":0,"comment_status":"closed","ping_status":"closed","template":"","meta":{"footnotes":""},"class_list":["post-2011","page","type-page","status-publish","hentry"],"yoast_head":"<!-- This site is optimized with the Yoast SEO plugin v25.3 - https:\/\/yoast.com\/wordpress\/plugins\/seo\/ -->\n<title>Alquiler vacacional - Blog Cubo&#039;s Holiday Homes<\/title>\n<meta name=\"robots\" content=\"index, follow, max-snippet:-1, max-image-preview:large, max-video-preview:-1\" \/>\n<link rel=\"canonical\" href=\"https:\/\/www.cuboshomes.com\/blog\/alquiler-vacacional\/\" \/>\n<meta property=\"og:locale\" content=\"es_ES\" \/>\n<meta property=\"og:type\" content=\"article\" \/>\n<meta property=\"og:title\" content=\"Alquiler vacacional - Blog Cubo&#039;s Holiday Homes\" \/>\n<meta property=\"og:description\" content=\"\u00a1Bienvenidos al blog de la Costa del Sol! La Costa del Sol, situada en el sur de Espa\u00f1a, es un destino \u00fanico que combina playas de ensue\u00f1o, pueblos blancos con encanto y una naturaleza espectacular. Desde la vibrante ciudad de M\u00e1laga con su oferta cultural y gastron\u00f3mica, hasta destinos como Marbella, Benalm\u00e1dena o Torremolinos, hay [&hellip;]\" \/>\n<meta property=\"og:url\" content=\"https:\/\/www.cuboshomes.com\/blog\/alquiler-vacacional\/\" \/>\n<meta property=\"og:site_name\" content=\"Blog Cubo&#039;s Holiday Homes\" \/>\n<meta property=\"article:modified_time\" content=\"2024-12-16T15:35:30+00:00\" \/>\n<meta name=\"twitter:card\" content=\"summary_large_image\" \/>\n<meta name=\"twitter:label1\" content=\"Est. reading time\" \/>\n\t<meta name=\"twitter:data1\" content=\"1 minute\" \/>\n<script type=\"application\/ld+json\" class=\"yoast-schema-graph\">{\"@context\":\"https:\/\/schema.org\",\"@graph\":[{\"@type\":\"WebPage\",\"@id\":\"https:\/\/www.cuboshomes.com\/blog\/alquiler-vacacional\/\",\"url\":\"https:\/\/www.cuboshomes.com\/blog\/alquiler-vacacional\/\",\"name\":\"Alquiler vacacional - Blog Cubo&#039;s Holiday Homes\",\"isPartOf\":{\"@id\":\"https:\/\/www.cuboshomes.com\/blog\/#website\"},\"datePublished\":\"2024-02-05T17:41:02+00:00\",\"dateModified\":\"2024-12-16T15:35:30+00:00\",\"breadcrumb\":{\"@id\":\"https:\/\/www.cuboshomes.com\/blog\/alquiler-vacacional\/#breadcrumb\"},\"inLanguage\":\"es\",\"potentialAction\":[{\"@type\":\"ReadAction\",\"target\":[\"https:\/\/www.cuboshomes.com\/blog\/alquiler-vacacional\/\"]}]},{\"@type\":\"BreadcrumbList\",\"@id\":\"https:\/\/www.cuboshomes.com\/blog\/alquiler-vacacional\/#breadcrumb\",\"itemListElement\":[{\"@type\":\"ListItem\",\"position\":1,\"name\":\"Portada\",\"item\":\"https:\/\/www.cuboshomes.com\/blog\/\"},{\"@type\":\"ListItem\",\"position\":2,\"name\":\"Alquiler vacacional\"}]},{\"@type\":\"WebSite\",\"@id\":\"https:\/\/www.cuboshomes.com\/blog\/#website\",\"url\":\"https:\/\/www.cuboshomes.com\/blog\/\",\"name\":\"Blog Cubo&#039;s Holiday Homes\",\"description\":\"\",\"potentialAction\":[{\"@type\":\"SearchAction\",\"target\":{\"@type\":\"EntryPoint\",\"urlTemplate\":\"https:\/\/www.cuboshomes.com\/blog\/?s={search_term_string}\"},\"query-input\":{\"@type\":\"PropertyValueSpecification\",\"valueRequired\":true,\"valueName\":\"search_term_string\"}}],\"inLanguage\":\"es\"}]}<\/script>\n<!-- \/ Yoast SEO plugin. -->","yoast_head_json":{"title":"Alquiler vacacional - Blog Cubo&#039;s Holiday Homes","robots":{"index":"index","follow":"follow","max-snippet":"max-snippet:-1","max-image-preview":"max-image-preview:large","max-video-preview":"max-video-preview:-1"},"canonical":"https:\/\/www.cuboshomes.com\/blog\/alquiler-vacacional\/","og_locale":"es_ES","og_type":"article","og_title":"Alquiler vacacional - Blog Cubo&#039;s Holiday Homes","og_description":"\u00a1Bienvenidos al blog de la Costa del Sol! La Costa del Sol, situada en el sur de Espa\u00f1a, es un destino \u00fanico que combina playas de ensue\u00f1o, pueblos blancos con encanto y una naturaleza espectacular. Desde la vibrante ciudad de M\u00e1laga con su oferta cultural y gastron\u00f3mica, hasta destinos como Marbella, Benalm\u00e1dena o Torremolinos, hay [&hellip;]","og_url":"https:\/\/www.cuboshomes.com\/blog\/alquiler-vacacional\/","og_site_name":"Blog Cubo&#039;s Holiday Homes","article_modified_time":"2024-12-16T15:35:30+00:00","twitter_card":"summary_large_image","twitter_misc":{"Est. reading time":"1 minute"},"schema":{"@context":"https:\/\/schema.org","@graph":[{"@type":"WebPage","@id":"https:\/\/www.cuboshomes.com\/blog\/alquiler-vacacional\/","url":"https:\/\/www.cuboshomes.com\/blog\/alquiler-vacacional\/","name":"Alquiler vacacional - Blog Cubo&#039;s Holiday Homes","isPartOf":{"@id":"https:\/\/www.cuboshomes.com\/blog\/#website"},"datePublished":"2024-02-05T17:41:02+00:00","dateModified":"2024-12-16T15:35:30+00:00","breadcrumb":{"@id":"https:\/\/www.cuboshomes.com\/blog\/alquiler-vacacional\/#breadcrumb"},"inLanguage":"es","potentialAction":[{"@type":"ReadAction","target":["https:\/\/www.cuboshomes.com\/blog\/alquiler-vacacional\/"]}]},{"@type":"BreadcrumbList","@id":"https:\/\/www.cuboshomes.com\/blog\/alquiler-vacacional\/#breadcrumb","itemListElement":[{"@type":"ListItem","position":1,"name":"Portada","item":"https:\/\/www.cuboshomes.com\/blog\/"},{"@type":"ListItem","position":2,"name":"Alquiler vacacional"}]},{"@type":"WebSite","@id":"https:\/\/www.cuboshomes.com\/blog\/#website","url":"https:\/\/www.cuboshomes.com\/blog\/","name":"Blog Cubo&#039;s Holiday Homes","description":"","potentialAction":[{"@type":"SearchAction","target":{"@type":"EntryPoint","urlTemplate":"https:\/\/www.cuboshomes.com\/blog\/?s={search_term_string}"},"query-input":{"@type":"PropertyValueSpecification","valueRequired":true,"valueName":"search_term_string"}}],"inLanguage":"es"}]}},"_links":{"self":[{"href":"https:\/\/www.cuboshomes.com\/blog\/wp-json\/wp\/v2\/pages\/2011","targetHints":{"allow":["GET"]}}],"collection":[{"href":"https:\/\/www.cuboshomes.com\/blog\/wp-json\/wp\/v2\/pages"}],"about":[{"href":"https:\/\/www.cuboshomes.com\/blog\/wp-json\/wp\/v2\/types\/page"}],"author":[{"embeddable":true,"href":"https:\/\/www.cuboshomes.com\/blog\/wp-json\/wp\/v2\/users\/4"}],"replies":[{"embeddable":true,"href":"https:\/\/www.cuboshomes.com\/blog\/wp-json\/wp\/v2\/comments?post=2011"}],"version-history":[{"count":4,"href":"https:\/\/www.cuboshomes.com\/blog\/wp-json\/wp\/v2\/pages\/2011\/revisions"}],"predecessor-version":[{"id":2379,"href":"https:\/\/www.cuboshomes.com\/blog\/wp-json\/wp\/v2\/pages\/2011\/revisions\/2379"}],"wp:attachment":[{"href":"https:\/\/www.cuboshomes.com\/blog\/wp-json\/wp\/v2\/media?parent=2011"}],"curies":[{"name":"wp","href":"https:\/\/api.w.org\/{rel}","templated":true}]}}